{"id":1269,"date":"2023-08-29T10:05:44","date_gmt":"2023-08-29T08:05:44","guid":{"rendered":"https:\/\/www.palazzoodoni.com\/wordpress\/home\/"},"modified":"2026-04-17T14:46:15","modified_gmt":"2026-04-17T12:46:15","slug":"home","status":"publish","type":"page","link":"https:\/\/www.palazzoodoni.com\/es\/","title":{"rendered":"Home"},"content":{"rendered":"<p>[vc_row full_width=\u00bbstretch_row_content_no_spaces\u00bb][vc_column]\n\t\t\t<!-- START Home REVOLUTION SLIDER 6.4.5 --><p class=\"rs-p-wp-fix\"><\/p>\n\t\t\t<rs-module-wrap id=\"rev_slider_1_1_wrapper\" data-source=\"gallery\" style=\"background:transparent;padding:0;\">\n\t\t\t\t<rs-module id=\"rev_slider_1_1\" style=\"\" data-version=\"6.4.5\">\n\t\t\t\t\t<rs-slides>\n\t\t\t\t\t\t<rs-slide data-key=\"rs-13\" data-title=\"Slide\" data-thumb=\"\/\/www.palazzoodoni.com\/wp-content\/uploads\/revslider\/video-media\/video-odoni_13-50x100.jpeg\" data-in=\"o:0;\" data-out=\"a:false;\">\n\t\t\t\t\t\t\t<img loading=\"lazy\" decoding=\"async\" src=\"\/\/www.palazzoodoni.com\/wp-content\/uploads\/revslider\/video-media\/video-odoni_13.jpeg\" title=\"video-odoni_13.jpeg\" width=\"1920\" height=\"1080\" class=\"rev-slidebg tp-rs-img\" data-no-retina>\n\t\t\t\t\t\t\t<rs-bgvideo \n\t\t\t\t\t\t\t\tdata-video=\"w:100%;h:100%;l:false;ptimer:true;vfc:true;\"\n\t\t\t\t\t\t\t\tdata-mp4=\"\/\/www.palazzoodoni.com\/wp-content\/uploads\/2023\/11\/video-odoni.mp4\"\n\t\t\t\t\t\t\t><\/rs-bgvideo>\n<!---->\t\t\t\t\t\t<\/rs-slide>\n\t\t\t\t\t\t<rs-slide data-key=\"rs-4\" data-title=\"Slide\" data-thumb=\"\/\/www.palazzoodoni.com\/wp-content\/uploads\/2022\/10\/JUNIORSUITE-_DNN7245-HDR_1-50x100.jpg\" data-in=\"o:0;\" data-out=\"a:false;\">\n\t\t\t\t\t\t\t<img loading=\"lazy\" decoding=\"async\" src=\"\/\/www.palazzoodoni.com\/wp-content\/uploads\/2022\/10\/JUNIORSUITE-_DNN7245-HDR_1.jpg\" title=\"JUNIORSUITE-_DNN7245-HDR_1\" width=\"2560\" height=\"1707\" class=\"rev-slidebg tp-rs-img\" data-no-retina>\n<!---->\t\t\t\t\t\t<\/rs-slide>\n\t\t\t\t\t<\/rs-slides>\n\t\t\t\t<\/rs-module>\n\t\t\t\t<script type=\"text\/javascript\">\n\t\t\t\t\tsetREVStartSize({c: 'rev_slider_1_1',rl:[1240,1024,778,480],el:[900],gw:[1240],gh:[900],type:'standard',justify:'',layout:'fullscreen',offsetContainer:'',offset:'',mh:\"0\"});\n\t\t\t\t\tvar\trevapi1,\n\t\t\t\t\t\ttpj;\n\t\t\t\t\tfunction revinit_revslider11() {\n\t\t\t\t\tjQuery(function() {\n\t\t\t\t\t\ttpj = jQuery;\n\t\t\t\t\t\trevapi1 = tpj(\"#rev_slider_1_1\");\n\t\t\t\t\t\tif(revapi1==undefined || revapi1.revolution == undefined){\n\t\t\t\t\t\t\trevslider_showDoubleJqueryError(\"rev_slider_1_1\");\n\t\t\t\t\t\t}else{\n\t\t\t\t\t\t\trevapi1.revolution({\n\t\t\t\t\t\t\t\tsliderLayout:\"fullscreen\",\n\t\t\t\t\t\t\t\tduration:\"4000ms\",\n\t\t\t\t\t\t\t\tvisibilityLevels:\"1240,1024,778,480\",\n\t\t\t\t\t\t\t\tgridwidth:1240,\n\t\t\t\t\t\t\t\tgridheight:900,\n\t\t\t\t\t\t\t\tperspective:600,\n\t\t\t\t\t\t\t\tperspectiveType:\"global\",\n\t\t\t\t\t\t\t\teditorheight:\"900,768,960,720\",\n\t\t\t\t\t\t\t\tresponsiveLevels:\"1240,1024,778,480\",\n\t\t\t\t\t\t\t\tprogressBar: {\n\t\t\t\t\t\t\t\t\tsize:5,\n\t\t\t\t\t\t\t\t\tx:0,\n\t\t\t\t\t\t\t\t\ty:0\n\t\t\t\t\t\t\t\t},\n\t\t\t\t\t\t\t\tnavigation: {\n\t\t\t\t\t\t\t\t\twheelCallDelay:1000,\n\t\t\t\t\t\t\t\t\tonHoverStop:false,\n\t\t\t\t\t\t\t\t\tarrows: {\n\t\t\t\t\t\t\t\t\t\tenable:true,\n\t\t\t\t\t\t\t\t\t\tstyle:\"uranus\",\n\t\t\t\t\t\t\t\t\t\tleft: {\n\t\t\t\t\t\t\t\t\t\t\th_offset:30\n\t\t\t\t\t\t\t\t\t\t},\n\t\t\t\t\t\t\t\t\t\tright: {\n\t\t\t\t\t\t\t\t\t\t\th_offset:30\n\t\t\t\t\t\t\t\t\t\t}\n\t\t\t\t\t\t\t\t\t}\n\t\t\t\t\t\t\t\t},\n\t\t\t\t\t\t\t\tfallbacks: {\n\t\t\t\t\t\t\t\t\tallowHTML5AutoPlayOnAndroid:true\n\t\t\t\t\t\t\t\t},\n\t\t\t\t\t\t\t});\n\t\t\t\t\t\t}\n\t\t\t\t\t\t\n\t\t\t\t\t});\n\t\t\t\t\t} \/\/ End of RevInitScript\n\t\t\t\tvar once_revslider11 = false;\n\t\t\t\tif (document.readyState === \"loading\") {document.addEventListener('readystatechange',function() { if((document.readyState === \"interactive\" || document.readyState === \"complete\") && !once_revslider11 ) { once_revslider11 = true; revinit_revslider11();}});} else {once_revslider11 = true; revinit_revslider11();}\n\t\t\t\t<\/script>\n\t\t\t\t<script>\n\t\t\t\t\tvar htmlDivCss = unescape(\"%23rev_slider_1_1_wrapper%20.uranus.tparrows%20%7B%0A%20%20width%3A50px%3B%0A%20%20height%3A50px%3B%0A%20%20background%3Argba%28255%2C255%2C255%2C0%29%3B%0A%20%7D%0A%20%23rev_slider_1_1_wrapper%20.uranus.tparrows%3Abefore%20%7B%0A%20width%3A50px%3B%0A%20height%3A50px%3B%0A%20line-height%3A50px%3B%0A%20font-size%3A40px%3B%0A%20transition%3Aall%200.3s%3B%0A-webkit-transition%3Aall%200.3s%3B%0A%20%7D%0A%20%0A%20%20%23rev_slider_1_1_wrapper%20.uranus.tparrows%3Ahover%3Abefore%20%7B%0A%20%20%20%20opacity%3A0.75%3B%0A%20%20%7D%0A\");\n\t\t\t\t\tvar htmlDiv = document.getElementById('rs-plugin-settings-inline-css');\n\t\t\t\t\tif(htmlDiv) {\n\t\t\t\t\t\thtmlDiv.innerHTML = htmlDiv.innerHTML + htmlDivCss;\n\t\t\t\t\t}else{\n\t\t\t\t\t\tvar htmlDiv = document.createElement('div');\n\t\t\t\t\t\thtmlDiv.innerHTML = '<style>' + htmlDivCss + '<\/style>';\n\t\t\t\t\t\tdocument.getElementsByTagName('head')[0].appendChild(htmlDiv.childNodes[0]);\n\t\t\t\t\t}\n\t\t\t\t<\/script>\n\t\t\t\t<script>\n\t\t\t\t\tvar htmlDivCss = unescape(\"%0A%0A\");\n\t\t\t\t\tvar htmlDiv = document.getElementById('rs-plugin-settings-inline-css');\n\t\t\t\t\tif(htmlDiv) {\n\t\t\t\t\t\thtmlDiv.innerHTML = htmlDiv.innerHTML + htmlDivCss;\n\t\t\t\t\t}else{\n\t\t\t\t\t\tvar htmlDiv = document.createElement('div');\n\t\t\t\t\t\thtmlDiv.innerHTML = '<style>' + htmlDivCss + '<\/style>';\n\t\t\t\t\t\tdocument.getElementsByTagName('head')[0].appendChild(htmlDiv.childNodes[0]);\n\t\t\t\t\t}\n\t\t\t\t<\/script>\n\t\t\t<\/rs-module-wrap>\n\t\t\t<!-- END REVOLUTION SLIDER -->\n[vc_raw_html]PGRpdiBjbGFzcz0iYXJyb3ctd3JhcHBlciI+PGRpdiBjbGFzcz0iYXJyb3ciPjwvZGl2PjwvZGl2Pg==[\/vc_raw_html][\/vc_column][\/vc_row][vc_row content_placement=\u00bbmiddle\u00bb css=\u00bb.vc_custom_1617299287830{padding-top: 60px !important;padding-bottom: 80px !important;}\u00bb][vc_column width=\u00bb1\/2&#8243;][vc_column_text]<\/p>\n<h2><strong>Palazzo Odoni<\/strong> &#8211; Residencia hist\u00f3rica en Venecia<\/h2>\n<p>[\/vc_column_text][vc_empty_space][vc_column_text]A unos metros de Piazzale Roma, en una residencia familiar del siglo XV, se encuentra Palazzo Odoni, una antigua vivienda veneciana que, gracias a unas obras de restauraci\u00f3n recientes, ha sabido mantener las caracter\u00edsticas arquitect\u00f3nicas, los techos y los suelos originales de la \u00e9poca, adem\u00e1s de incorporar todas las comodidades necesarias para ofrecer una estancia elegante y refinada en el centro de Venecia.<\/p>\n<p>Situado en el centro hist\u00f3rico de la ciudad, en el barrio de Santa Croce, Palazzo Odoni se encuentra a poca distancia de los lugares culturales m\u00e1s famosos, como la Bas\u00edlica de Santa Mar\u00eda dei Frari, la Scuola Grande di San Rocco y la Galer\u00eda de la Academia, de Santa Margherita, zona de tabernas y restaurantes, y, por \u00faltimo, de Calle Larga XXII Marzo, una calle repleta de lujo y tiendas.[\/vc_column_text][vc_empty_space height=\u00bb10px\u00bb][\/vc_column][vc_column width=\u00bb1\/2&#8243;][vc_single_image image=\u00bb1271&#8243; img_size=\u00bb600&#215;660&#8243; alignment=\u00bbcenter\u00bb onclick=\u00bblink_image\u00bb][\/vc_column][\/vc_row][vc_row full_width=\u00bbstretch_row_content\u00bb parallax=\u00bbcontent-moving\u00bb parallax_image=\u00bb1230&#8243;][vc_column][vc_empty_space height=\u00bb500px\u00bb][\/vc_column][\/vc_row][vc_row full_width=\u00bbstretch_row_content_no_spaces\u00bb css=\u00bb.vc_custom_1675439805159{padding-top: 40px !important;}\u00bb][vc_column][vc_column_text]<\/p>\n<h1 style=\"text-align: center;\"><a href=\"https:\/\/www.palazzoodoni.com\/location\/\">C\u00f3mo llegar<\/a><\/h1>\n<p>[\/vc_column_text][vc_empty_space height=\u00bb80px\u00bb][vc_gmaps link=\u00bb#E-8_JTNDaWZyYW1lJTIwc3JjJTNEJTIyaHR0cHMlM0ElMkYlMkZ3d3cuZ29vZ2xlLmNvbSUyRm1hcHMlMkZlbWJlZCUzRnBiJTNEJTIxMW0xOCUyMTFtMTIlMjExbTMlMjExZDE1ODM2Ljk4NzA2MzM3NjUyNCUyMTJkMTIuMzIwODQ1MjMwMzM0NzE3JTIxM2Q0NS40MzczNTc3NjU0Mjc5NSUyMTJtMyUyMTFmMCUyMTJmMCUyMTNmMCUyMTNtMiUyMTFpMTAyNCUyMTJpNzY4JTIxNGYxMy4xJTIxM20zJTIxMW0yJTIxMXMweDQ3N2ViMWM2MmJkOTFmMTklMjUzQTB4ZmE4YWE1MDRiYzBlZTRlJTIxMnNQYWxhenpvJTI1MjBPZG9uaSUyNTIwVmVuZXppYSUyMTVlMCUyMTNtMiUyMTFzaXQlMjEyc2l0JTIxNHYxNjY3ODM2NTk3MzY5JTIxNW0yJTIxMXNpdCUyMTJzaXQlMjIlMjB3aWR0aCUzRCUyMjYwMCUyMiUyMGhlaWdodCUzRCUyMjQ1MCUyMiUyMHN0eWxlJTNEJTIyYm9yZGVyJTNBMCUzQiUyMiUyMGFsbG93ZnVsbHNjcmVlbiUzRCUyMiUyMiUyMGxvYWRpbmclM0QlMjJsYXp5JTIyJTIwcmVmZXJyZXJwb2xpY3klM0QlMjJuby1yZWZlcnJlci13aGVuLWRvd25ncmFkZSUyMiUzRSUzQyUyRmlmcmFtZSUzRQ==\u00bb size=\u00bb800px\u00bb][vc_empty_space height=\u00bb40px\u00bb][\/vc_column][\/vc_row]<\/p>\n","protected":false},"excerpt":{"rendered":"<p>[vc_row full_width=\u00bbstretch_row_content_no_spaces\u00bb][vc_column][vc_raw_html]PGRpdiBjbGFzcz0iYXJyb3ctd3JhcHBlciI+PGRpdiBjbGFzcz0iYXJyb3ciPjwvZGl2PjwvZGl2Pg==[\/vc_raw_html][\/vc_column][\/vc_row][vc_row content_placement=\u00bbmiddle\u00bb css=\u00bb.vc_custom_1617299287830{padding-top: 60px !important;padding-bottom: 80px !important;}\u00bb][vc_column width=\u00bb1\/2&#8243;][vc_column_text] Palazzo Odoni &#8211; Residencia hist\u00f3rica en Venecia [\/vc_column_text][vc_empty_space][vc_column_text]A unos metros de Piazzale Roma, en una residencia familiar del siglo XV, se encuentra Palazzo Odoni, una antigua vivienda veneciana que, gracias a unas obras de restauraci\u00f3n recientes, ha sabido mantener las caracter\u00edsticas arquitect\u00f3nicas, los techos y los&hellip;<\/p>\n","protected":false},"author":1,"featured_media":0,"parent":0,"menu_order":0,"comment_status":"closed","ping_status":"closed","template":"","meta":[],"class_list":["post-1269","page","type-page","status-publish","hentry","description-off"],"yoast_head":"<!-- This site is optimized with the Yoast SEO plugin v27.4 - https:\/\/yoast.com\/product\/yoast-seo-wordpress\/ -->\n<title>Home - Palazzo Odoni<\/title>\n<meta name=\"robots\" content=\"index, follow, max-snippet:-1, max-image-preview:large, max-video-preview:-1\" \/>\n<link rel=\"canonical\" href=\"https:\/\/www.palazzoodoni.com\/es\/\" \/>\n<meta property=\"og:locale\" content=\"es_ES\" \/>\n<meta property=\"og:type\" content=\"article\" \/>\n<meta property=\"og:title\" content=\"Home - Palazzo Odoni\" \/>\n<meta property=\"og:description\" content=\"[vc_row full_width=\u00bbstretch_row_content_no_spaces\u00bb][vc_column][vc_raw_html]PGRpdiBjbGFzcz0iYXJyb3ctd3JhcHBlciI+PGRpdiBjbGFzcz0iYXJyb3ciPjwvZGl2PjwvZGl2Pg==[\/vc_raw_html][\/vc_column][\/vc_row][vc_row content_placement=\u00bbmiddle\u00bb css=\u00bb.vc_custom_1617299287830{padding-top: 60px !important;padding-bottom: 80px !important;}\u00bb][vc_column width=\u00bb1\/2&#8243;][vc_column_text] Palazzo Odoni &#8211; Residencia hist\u00f3rica en Venecia [\/vc_column_text][vc_empty_space][vc_column_text]A unos metros de Piazzale Roma, en una residencia familiar del siglo XV, se encuentra Palazzo Odoni, una antigua vivienda veneciana que, gracias a unas obras de restauraci\u00f3n recientes, ha sabido mantener las caracter\u00edsticas arquitect\u00f3nicas, los techos y los&hellip;\" \/>\n<meta property=\"og:url\" content=\"https:\/\/www.palazzoodoni.com\/es\/\" \/>\n<meta property=\"og:site_name\" content=\"Palazzo Odoni\" \/>\n<meta property=\"article:publisher\" content=\"https:\/\/www.facebook.com\/palazzoodoni\" \/>\n<meta property=\"article:modified_time\" content=\"2026-04-17T12:46:15+00:00\" \/>\n<meta name=\"twitter:card\" content=\"summary_large_image\" \/>\n<meta name=\"twitter:label1\" content=\"Tiempo de lectura\" \/>\n\t<meta name=\"twitter:data1\" content=\"2 minutos\" \/>\n<script type=\"application\/ld+json\" class=\"yoast-schema-graph\">{\"@context\":\"https:\\\/\\\/schema.org\",\"@graph\":[{\"@type\":\"WebPage\",\"@id\":\"https:\\\/\\\/www.palazzoodoni.com\\\/es\\\/\",\"url\":\"https:\\\/\\\/www.palazzoodoni.com\\\/es\\\/\",\"name\":\"Home - Palazzo Odoni\",\"isPartOf\":{\"@id\":\"https:\\\/\\\/www.palazzoodoni.com\\\/#website\"},\"datePublished\":\"2023-08-29T08:05:44+00:00\",\"dateModified\":\"2026-04-17T12:46:15+00:00\",\"breadcrumb\":{\"@id\":\"https:\\\/\\\/www.palazzoodoni.com\\\/es\\\/#breadcrumb\"},\"inLanguage\":\"es\",\"potentialAction\":[{\"@type\":\"ReadAction\",\"target\":[\"https:\\\/\\\/www.palazzoodoni.com\\\/es\\\/\"]}]},{\"@type\":\"BreadcrumbList\",\"@id\":\"https:\\\/\\\/www.palazzoodoni.com\\\/es\\\/#breadcrumb\",\"itemListElement\":[{\"@type\":\"ListItem\",\"position\":1,\"name\":\"Home\",\"item\":\"https:\\\/\\\/www.palazzoodoni.com\\\/es\\\/\"},{\"@type\":\"ListItem\",\"position\":2,\"name\":\"Home\"}]},{\"@type\":\"WebSite\",\"@id\":\"https:\\\/\\\/www.palazzoodoni.com\\\/#website\",\"url\":\"https:\\\/\\\/www.palazzoodoni.com\\\/\",\"name\":\"Palazzo Odoni\",\"description\":\"Official Website\",\"publisher\":{\"@id\":\"https:\\\/\\\/www.palazzoodoni.com\\\/#organization\"},\"potentialAction\":[{\"@type\":\"SearchAction\",\"target\":{\"@type\":\"EntryPoint\",\"urlTemplate\":\"https:\\\/\\\/www.palazzoodoni.com\\\/?s={search_term_string}\"},\"query-input\":{\"@type\":\"PropertyValueSpecification\",\"valueRequired\":true,\"valueName\":\"search_term_string\"}}],\"inLanguage\":\"es\"},{\"@type\":\"Organization\",\"@id\":\"https:\\\/\\\/www.palazzoodoni.com\\\/#organization\",\"name\":\"Palazzo Odoni\",\"url\":\"https:\\\/\\\/www.palazzoodoni.com\\\/\",\"logo\":{\"@type\":\"ImageObject\",\"inLanguage\":\"es\",\"@id\":\"https:\\\/\\\/www.palazzoodoni.com\\\/#\\\/schema\\\/logo\\\/image\\\/\",\"url\":\"https:\\\/\\\/www.palazzoodoni.com\\\/wp-content\\\/uploads\\\/2022\\\/10\\\/logo-color.png\",\"contentUrl\":\"https:\\\/\\\/www.palazzoodoni.com\\\/wp-content\\\/uploads\\\/2022\\\/10\\\/logo-color.png\",\"width\":300,\"height\":115,\"caption\":\"Palazzo Odoni\"},\"image\":{\"@id\":\"https:\\\/\\\/www.palazzoodoni.com\\\/#\\\/schema\\\/logo\\\/image\\\/\"},\"sameAs\":[\"https:\\\/\\\/www.facebook.com\\\/palazzoodoni\",\"https:\\\/\\\/www.instagram.com\\\/palazzoodoni\"]}]}<\/script>\n<!-- \/ Yoast SEO plugin. -->","yoast_head_json":{"title":"Home - Palazzo Odoni","robots":{"index":"index","follow":"follow","max-snippet":"max-snippet:-1","max-image-preview":"max-image-preview:large","max-video-preview":"max-video-preview:-1"},"canonical":"https:\/\/www.palazzoodoni.com\/es\/","og_locale":"es_ES","og_type":"article","og_title":"Home - Palazzo Odoni","og_description":"[vc_row full_width=\u00bbstretch_row_content_no_spaces\u00bb][vc_column][vc_raw_html]PGRpdiBjbGFzcz0iYXJyb3ctd3JhcHBlciI+PGRpdiBjbGFzcz0iYXJyb3ciPjwvZGl2PjwvZGl2Pg==[\/vc_raw_html][\/vc_column][\/vc_row][vc_row content_placement=\u00bbmiddle\u00bb css=\u00bb.vc_custom_1617299287830{padding-top: 60px !important;padding-bottom: 80px !important;}\u00bb][vc_column width=\u00bb1\/2&#8243;][vc_column_text] Palazzo Odoni &#8211; Residencia hist\u00f3rica en Venecia [\/vc_column_text][vc_empty_space][vc_column_text]A unos metros de Piazzale Roma, en una residencia familiar del siglo XV, se encuentra Palazzo Odoni, una antigua vivienda veneciana que, gracias a unas obras de restauraci\u00f3n recientes, ha sabido mantener las caracter\u00edsticas arquitect\u00f3nicas, los techos y los&hellip;","og_url":"https:\/\/www.palazzoodoni.com\/es\/","og_site_name":"Palazzo Odoni","article_publisher":"https:\/\/www.facebook.com\/palazzoodoni","article_modified_time":"2026-04-17T12:46:15+00:00","twitter_card":"summary_large_image","twitter_misc":{"Tiempo de lectura":"2 minutos"},"schema":{"@context":"https:\/\/schema.org","@graph":[{"@type":"WebPage","@id":"https:\/\/www.palazzoodoni.com\/es\/","url":"https:\/\/www.palazzoodoni.com\/es\/","name":"Home - Palazzo Odoni","isPartOf":{"@id":"https:\/\/www.palazzoodoni.com\/#website"},"datePublished":"2023-08-29T08:05:44+00:00","dateModified":"2026-04-17T12:46:15+00:00","breadcrumb":{"@id":"https:\/\/www.palazzoodoni.com\/es\/#breadcrumb"},"inLanguage":"es","potentialAction":[{"@type":"ReadAction","target":["https:\/\/www.palazzoodoni.com\/es\/"]}]},{"@type":"BreadcrumbList","@id":"https:\/\/www.palazzoodoni.com\/es\/#breadcrumb","itemListElement":[{"@type":"ListItem","position":1,"name":"Home","item":"https:\/\/www.palazzoodoni.com\/es\/"},{"@type":"ListItem","position":2,"name":"Home"}]},{"@type":"WebSite","@id":"https:\/\/www.palazzoodoni.com\/#website","url":"https:\/\/www.palazzoodoni.com\/","name":"Palazzo Odoni","description":"Official Website","publisher":{"@id":"https:\/\/www.palazzoodoni.com\/#organization"},"potentialAction":[{"@type":"SearchAction","target":{"@type":"EntryPoint","urlTemplate":"https:\/\/www.palazzoodoni.com\/?s={search_term_string}"},"query-input":{"@type":"PropertyValueSpecification","valueRequired":true,"valueName":"search_term_string"}}],"inLanguage":"es"},{"@type":"Organization","@id":"https:\/\/www.palazzoodoni.com\/#organization","name":"Palazzo Odoni","url":"https:\/\/www.palazzoodoni.com\/","logo":{"@type":"ImageObject","inLanguage":"es","@id":"https:\/\/www.palazzoodoni.com\/#\/schema\/logo\/image\/","url":"https:\/\/www.palazzoodoni.com\/wp-content\/uploads\/2022\/10\/logo-color.png","contentUrl":"https:\/\/www.palazzoodoni.com\/wp-content\/uploads\/2022\/10\/logo-color.png","width":300,"height":115,"caption":"Palazzo Odoni"},"image":{"@id":"https:\/\/www.palazzoodoni.com\/#\/schema\/logo\/image\/"},"sameAs":["https:\/\/www.facebook.com\/palazzoodoni","https:\/\/www.instagram.com\/palazzoodoni"]}]}},"_links":{"self":[{"href":"https:\/\/www.palazzoodoni.com\/es\/wp-json\/wp\/v2\/pages\/1269","targetHints":{"allow":["GET"]}}],"collection":[{"href":"https:\/\/www.palazzoodoni.com\/es\/wp-json\/wp\/v2\/pages"}],"about":[{"href":"https:\/\/www.palazzoodoni.com\/es\/wp-json\/wp\/v2\/types\/page"}],"author":[{"embeddable":true,"href":"https:\/\/www.palazzoodoni.com\/es\/wp-json\/wp\/v2\/users\/1"}],"replies":[{"embeddable":true,"href":"https:\/\/www.palazzoodoni.com\/es\/wp-json\/wp\/v2\/comments?post=1269"}],"version-history":[{"count":4,"href":"https:\/\/www.palazzoodoni.com\/es\/wp-json\/wp\/v2\/pages\/1269\/revisions"}],"predecessor-version":[{"id":1383,"href":"https:\/\/www.palazzoodoni.com\/es\/wp-json\/wp\/v2\/pages\/1269\/revisions\/1383"}],"wp:attachment":[{"href":"https:\/\/www.palazzoodoni.com\/es\/wp-json\/wp\/v2\/media?parent=1269"}],"curies":[{"name":"wp","href":"https:\/\/api.w.org\/{rel}","templated":true}]}}