{"id":1316,"date":"2023-08-29T10:20:18","date_gmt":"2023-08-29T08:20:18","guid":{"rendered":"https:\/\/www.palazzoodoni.com\/wordpress\/kontakte\/"},"modified":"2023-09-04T23:49:40","modified_gmt":"2023-09-04T21:49:40","slug":"kontakte","status":"publish","type":"page","link":"https:\/\/www.palazzoodoni.com\/de\/kontakte\/","title":{"rendered":"Kontakte"},"content":{"rendered":"<p>[vc_row full_width=&#8220;stretch_row_content&#8220;][vc_column]\n\t\t\t<!-- START Contatti REVOLUTION SLIDER 6.4.5 --><p class=\"rs-p-wp-fix\"><\/p>\n\t\t\t<rs-module-wrap id=\"rev_slider_6_1_wrapper\" data-source=\"gallery\" style=\"background:transparent;padding:0;\">\n\t\t\t\t<rs-module id=\"rev_slider_6_1\" style=\"\" data-version=\"6.4.5\">\n\t\t\t\t\t<rs-slides>\n\t\t\t\t\t\t<rs-slide data-key=\"rs-12\" data-title=\"Slide\" data-in=\"o:0;\" data-out=\"a:false;\">\n\t\t\t\t\t\t\t<img loading=\"lazy\" decoding=\"async\" src=\"\/\/www.palazzoodoni.com\/wordpress\/wp-content\/uploads\/2022\/10\/GENERAL-_DNN7999.jpg\" title=\"GENERAL-_DNN7999\" width=\"2560\" height=\"1707\" class=\"rev-slidebg tp-rs-img\" data-no-retina>\n<!---->\t\t\t\t\t\t<\/rs-slide>\n\t\t\t\t\t<\/rs-slides>\n\t\t\t\t<\/rs-module>\n\t\t\t\t<script type=\"text\/javascript\">\n\t\t\t\t\tsetREVStartSize({c: 'rev_slider_6_1',rl:[1240,1024,778,480],el:[900],gw:[1240],gh:[900],type:'standard',justify:'',layout:'fullscreen',offsetContainer:'',offset:'',mh:\"0\"});\n\t\t\t\t\tvar\trevapi6,\n\t\t\t\t\t\ttpj;\n\t\t\t\t\tfunction revinit_revslider61() {\n\t\t\t\t\tjQuery(function() {\n\t\t\t\t\t\ttpj = jQuery;\n\t\t\t\t\t\trevapi6 = tpj(\"#rev_slider_6_1\");\n\t\t\t\t\t\tif(revapi6==undefined || revapi6.revolution == undefined){\n\t\t\t\t\t\t\trevslider_showDoubleJqueryError(\"rev_slider_6_1\");\n\t\t\t\t\t\t}else{\n\t\t\t\t\t\t\trevapi6.revolution({\n\t\t\t\t\t\t\t\tsliderLayout:\"fullscreen\",\n\t\t\t\t\t\t\t\tvisibilityLevels:\"1240,1024,778,480\",\n\t\t\t\t\t\t\t\tgridwidth:1240,\n\t\t\t\t\t\t\t\tgridheight:900,\n\t\t\t\t\t\t\t\tperspective:600,\n\t\t\t\t\t\t\t\tperspectiveType:\"global\",\n\t\t\t\t\t\t\t\teditorheight:\"900,768,960,720\",\n\t\t\t\t\t\t\t\tresponsiveLevels:\"1240,1024,778,480\",\n\t\t\t\t\t\t\t\tprogressBar:{disableProgressBar:true},\n\t\t\t\t\t\t\t\tnavigation: {\n\t\t\t\t\t\t\t\t\tonHoverStop:false\n\t\t\t\t\t\t\t\t},\n\t\t\t\t\t\t\t\tfallbacks: {\n\t\t\t\t\t\t\t\t\tallowHTML5AutoPlayOnAndroid:true\n\t\t\t\t\t\t\t\t},\n\t\t\t\t\t\t\t});\n\t\t\t\t\t\t}\n\t\t\t\t\t\t\n\t\t\t\t\t});\n\t\t\t\t\t} \/\/ End of RevInitScript\n\t\t\t\tvar once_revslider61 = false;\n\t\t\t\tif (document.readyState === \"loading\") {document.addEventListener('readystatechange',function() { if((document.readyState === \"interactive\" || document.readyState === \"complete\") && !once_revslider61 ) { once_revslider61 = true; revinit_revslider61();}});} else {once_revslider61 = true; revinit_revslider61();}\n\t\t\t\t<\/script>\n\t\t\t<\/rs-module-wrap>\n\t\t\t<!-- END REVOLUTION SLIDER -->\n[vc_raw_html]PGRpdiBjbGFzcz0iYXJyb3ctd3JhcHBlciI+PGRpdiBjbGFzcz0iYXJyb3ciPjwvZGl2PjwvZGl2Pg==[\/vc_raw_html][\/vc_column][\/vc_row][vc_row full_width=&#8220;stretch_row_content&#8220;][vc_column][vc_empty_space height=&#8220;100px&#8220;][vc_column_text]<\/p>\n<h1 style=\"text-align: center;\">KONTAKTE<\/h1>\n<p>[\/vc_column_text][vc_empty_space height=&#8220;50px&#8220;][\/vc_column][\/vc_row][vc_row css=&#8220;.vc_custom_1605484631724{padding-top: 20px !important;padding-bottom: 40px !important;}&#8220;][vc_column][vc_column_text]<\/p>\n<p style=\"text-align: center;\"><strong>Nutzen Sie das folgende Formular, um mit uns Kontakt aufzunehmen oder weitere Informationen anzufordern.<\/strong><\/p>\n<p>[\/vc_column_text][\/vc_column][\/vc_row][vc_row css=&#8220;.vc_custom_1605484638015{padding-bottom: 110px !important;}&#8220;][vc_column width=&#8220;1\/6&#8243;][vc_empty_space height=&#8220;5px&#8220;][\/vc_column][vc_column width=&#8220;2\/3&#8243;]<div role=\"form\" class=\"wpcf7\" id=\"wpcf7-f1056-o1\" lang=\"it-IT\" dir=\"ltr\">\n<div class=\"screen-reader-response\"><p role=\"status\" aria-live=\"polite\" aria-atomic=\"true\"><\/p> <ul><\/ul><\/div>\n<form action=\"\/de\/wp-json\/wp\/v2\/pages\/1316#wpcf7-f1056-o1\" method=\"post\" class=\"wpcf7-form init\" novalidate=\"novalidate\" data-status=\"init\">\n<div style=\"display: none;\">\n<input type=\"hidden\" name=\"_wpcf7\" value=\"1056\" \/>\n<input type=\"hidden\" name=\"_wpcf7_version\" value=\"5.6.4\" \/>\n<input type=\"hidden\" name=\"_wpcf7_locale\" value=\"it_IT\" \/>\n<input type=\"hidden\" name=\"_wpcf7_unit_tag\" value=\"wpcf7-f1056-o1\" \/>\n<input type=\"hidden\" name=\"_wpcf7_container_post\" value=\"0\" \/>\n<input type=\"hidden\" name=\"_wpcf7_posted_data_hash\" value=\"\" \/>\n<\/div>\n<p><label> Name<br \/>\n    <span class=\"wpcf7-form-control-wrap\" data-name=\"your-name\"><input type=\"text\" name=\"your-name\" value=\"\" size=\"40\" class=\"wpcf7-form-control wpcf7-text wpcf7-validates-as-required\" aria-required=\"true\" aria-invalid=\"false\" \/><\/span> <\/label><\/p>\n<p><label> E-Mail-Adresse<br \/>\n    <span class=\"wpcf7-form-control-wrap\" data-name=\"your-email\"><input type=\"email\" name=\"your-email\" value=\"\" size=\"40\" class=\"wpcf7-form-control wpcf7-text wpcf7-email wpcf7-validates-as-required wpcf7-validates-as-email\" aria-required=\"true\" aria-invalid=\"false\" \/><\/span> <\/label><\/p>\n<p><label> Betreff<br \/>\n    <span class=\"wpcf7-form-control-wrap\" data-name=\"your-subject\"><input type=\"text\" name=\"your-subject\" value=\"\" size=\"40\" class=\"wpcf7-form-control wpcf7-text wpcf7-validates-as-required\" aria-required=\"true\" aria-invalid=\"false\" \/><\/span> <\/label><\/p>\n<p><label> Nachricht (optional)<br \/>\n    <span class=\"wpcf7-form-control-wrap\" data-name=\"your-message\"><textarea name=\"your-message\" cols=\"40\" rows=\"10\" class=\"wpcf7-form-control wpcf7-textarea\" aria-invalid=\"false\"><\/textarea><\/span> <\/label><\/p>\n<p>Wir informieren Sie, dass die von Ihnen zur Verf\u00fcgung gestellten Daten gem\u00e4\u00df den Grunds\u00e4tzen der geltenden Datenschutzgesetze (EU-Verordnung Nr. 679 aus dem Jahr 2016) ausschlie\u00dflich zu dem Zweck verarbeitet werden, die angeforderten Informationen bereitzustellen und gegebenenfalls die Buchung von Zimmern und anderen Dienstleistungen vorzunehmen\/zu best\u00e4tigen. Die vollst\u00e4ndigen Informationen \u00fcber Art und Zweck der durchgef\u00fchrten Verarbeitung sind unter folgendem Link abrufbar: Datenschutzbestimmungen<\/p>\n<p>Wenn Sie Interesse haben, unseren Newsletter\/regelm\u00e4\u00dfige Informationen zu unseren Preisen und Sonderangeboten an die von Ihnen angegebene Adresse zu erhalten, ist Ihre Einwilligung erforderlich. Sie k\u00f6nnen diese, wie in den Informationen angegeben, jederzeit nachtr\u00e4glich widerrufen.<\/p>\n<p><span class=\"wpcf7-form-control-wrap\" data-name=\"acceptance-682\"><span class=\"wpcf7-form-control wpcf7-acceptance\"><span class=\"wpcf7-list-item\"><label><input type=\"checkbox\" name=\"acceptance-682\" value=\"1\" aria-invalid=\"false\" \/><span class=\"wpcf7-list-item-label\">Ich nehme die Informationen \u00fcber die Verarbeitung personenbezogener Daten zur Kenntnis.<\/span><\/label><\/span><\/span><\/span><br \/>\n<span class=\"wpcf7-form-control-wrap\" data-name=\"checkbox-863\"><span class=\"wpcf7-form-control wpcf7-checkbox\"><span class=\"wpcf7-list-item first last\"><label><input type=\"checkbox\" name=\"checkbox-863[]\" value=\"Ich bin mit dem Versand des Newsletters und regelm\u00e4\u00dfigen Informationen zu Preisen und Angeboten an die von mir angegebene Adresse einverstanden.\" \/><span class=\"wpcf7-list-item-label\">Ich bin mit dem Versand des Newsletters und regelm\u00e4\u00dfigen Informationen zu Preisen und Angeboten an die von mir angegebene Adresse einverstanden.<\/span><\/label><\/span><\/span><\/span><\/p>\n<p><input type=\"submit\" value=\"ABSENDEN\" class=\"wpcf7-form-control has-spinner wpcf7-submit\" \/><\/p>\n<div class=\"wpcf7-response-output\" aria-hidden=\"true\"><\/div><\/form><\/div>[\/vc_column][vc_column width=&#8220;1\/6&#8243;][vc_empty_space height=&#8220;5px&#8220;][\/vc_column][\/vc_row]<\/p>\n","protected":false},"excerpt":{"rendered":"<p>[vc_row full_width=&#8220;stretch_row_content&#8220;][vc_column][vc_raw_html]PGRpdiBjbGFzcz0iYXJyb3ctd3JhcHBlciI+PGRpdiBjbGFzcz0iYXJyb3ciPjwvZGl2PjwvZGl2Pg==[\/vc_raw_html][\/vc_column][\/vc_row][vc_row full_width=&#8220;stretch_row_content&#8220;][vc_column][vc_empty_space height=&#8220;100px&#8220;][vc_column_text] KONTAKTE [\/vc_column_text][vc_empty_space height=&#8220;50px&#8220;][\/vc_column][\/vc_row][vc_row css=&#8220;.vc_custom_1605484631724{padding-top: 20px !important;padding-bottom: 40px !important;}&#8220;][vc_column][vc_column_text] Nutzen Sie das folgende Formular, um mit uns Kontakt aufzunehmen oder weitere Informationen anzufordern. [\/vc_column_text][\/vc_column][\/vc_row][vc_row css=&#8220;.vc_custom_1605484638015{padding-bottom: 110px !important;}&#8220;][vc_column width=&#8220;1\/6&#8243;][vc_empty_space height=&#8220;5px&#8220;][\/vc_column][vc_column width=&#8220;2\/3&#8243;][\/vc_column][vc_column width=&#8220;1\/6&#8243;][vc_empty_space height=&#8220;5px&#8220;][\/vc_column][\/vc_row]<\/p>\n","protected":false},"author":1,"featured_media":0,"parent":0,"menu_order":0,"comment_status":"closed","ping_status":"closed","template":"","meta":[],"class_list":["post-1316","page","type-page","status-publish","hentry","description-off"],"yoast_head":"<!-- This site is optimized with the Yoast SEO plugin v27.4 - https:\/\/yoast.com\/product\/yoast-seo-wordpress\/ -->\n<title>Kontakte - Palazzo Odoni<\/title>\n<meta name=\"robots\" content=\"index, follow, max-snippet:-1, max-image-preview:large, max-video-preview:-1\" \/>\n<link rel=\"canonical\" href=\"https:\/\/www.palazzoodoni.com\/de\/kontakte\/\" \/>\n<meta property=\"og:locale\" content=\"de_DE\" \/>\n<meta property=\"og:type\" content=\"article\" \/>\n<meta property=\"og:title\" content=\"Kontakte - Palazzo Odoni\" \/>\n<meta property=\"og:description\" content=\"[vc_row full_width=&#8220;stretch_row_content&#8220;][vc_column][vc_raw_html]PGRpdiBjbGFzcz0iYXJyb3ctd3JhcHBlciI+PGRpdiBjbGFzcz0iYXJyb3ciPjwvZGl2PjwvZGl2Pg==[\/vc_raw_html][\/vc_column][\/vc_row][vc_row full_width=&#8220;stretch_row_content&#8220;][vc_column][vc_empty_space height=&#8220;100px&#8220;][vc_column_text] KONTAKTE [\/vc_column_text][vc_empty_space height=&#8220;50px&#8220;][\/vc_column][\/vc_row][vc_row css=&#8220;.vc_custom_1605484631724{padding-top: 20px !important;padding-bottom: 40px !important;}&#8220;][vc_column][vc_column_text] Nutzen Sie das folgende Formular, um mit uns Kontakt aufzunehmen oder weitere Informationen anzufordern. [\/vc_column_text][\/vc_column][\/vc_row][vc_row css=&#8220;.vc_custom_1605484638015{padding-bottom: 110px !important;}&#8220;][vc_column width=&#8220;1\/6&#8243;][vc_empty_space height=&#8220;5px&#8220;][\/vc_column][vc_column width=&#8220;2\/3&#8243;][\/vc_column][vc_column width=&#8220;1\/6&#8243;][vc_empty_space height=&#8220;5px&#8220;][\/vc_column][\/vc_row]\" \/>\n<meta property=\"og:url\" content=\"https:\/\/www.palazzoodoni.com\/de\/kontakte\/\" \/>\n<meta property=\"og:site_name\" content=\"Palazzo Odoni\" \/>\n<meta property=\"article:publisher\" content=\"https:\/\/www.facebook.com\/palazzoodoni\" \/>\n<meta property=\"article:modified_time\" content=\"2023-09-04T21:49:40+00:00\" \/>\n<meta name=\"twitter:card\" content=\"summary_large_image\" \/>\n<meta name=\"twitter:label1\" content=\"Gesch\u00e4tzte Lesezeit\" \/>\n\t<meta name=\"twitter:data1\" content=\"1\u00a0Minute\" \/>\n<script type=\"application\/ld+json\" class=\"yoast-schema-graph\">{\"@context\":\"https:\\\/\\\/schema.org\",\"@graph\":[{\"@type\":\"WebPage\",\"@id\":\"https:\\\/\\\/www.palazzoodoni.com\\\/de\\\/kontakte\\\/\",\"url\":\"https:\\\/\\\/www.palazzoodoni.com\\\/de\\\/kontakte\\\/\",\"name\":\"Kontakte - Palazzo Odoni\",\"isPartOf\":{\"@id\":\"https:\\\/\\\/www.palazzoodoni.com\\\/#website\"},\"datePublished\":\"2023-08-29T08:20:18+00:00\",\"dateModified\":\"2023-09-04T21:49:40+00:00\",\"breadcrumb\":{\"@id\":\"https:\\\/\\\/www.palazzoodoni.com\\\/de\\\/kontakte\\\/#breadcrumb\"},\"inLanguage\":\"de\",\"potentialAction\":[{\"@type\":\"ReadAction\",\"target\":[\"https:\\\/\\\/www.palazzoodoni.com\\\/de\\\/kontakte\\\/\"]}]},{\"@type\":\"BreadcrumbList\",\"@id\":\"https:\\\/\\\/www.palazzoodoni.com\\\/de\\\/kontakte\\\/#breadcrumb\",\"itemListElement\":[{\"@type\":\"ListItem\",\"position\":1,\"name\":\"Home\",\"item\":\"https:\\\/\\\/www.palazzoodoni.com\\\/de\\\/\"},{\"@type\":\"ListItem\",\"position\":2,\"name\":\"Kontakte\"}]},{\"@type\":\"WebSite\",\"@id\":\"https:\\\/\\\/www.palazzoodoni.com\\\/#website\",\"url\":\"https:\\\/\\\/www.palazzoodoni.com\\\/\",\"name\":\"Palazzo Odoni\",\"description\":\"Official Website\",\"publisher\":{\"@id\":\"https:\\\/\\\/www.palazzoodoni.com\\\/#organization\"},\"potentialAction\":[{\"@type\":\"SearchAction\",\"target\":{\"@type\":\"EntryPoint\",\"urlTemplate\":\"https:\\\/\\\/www.palazzoodoni.com\\\/?s={search_term_string}\"},\"query-input\":{\"@type\":\"PropertyValueSpecification\",\"valueRequired\":true,\"valueName\":\"search_term_string\"}}],\"inLanguage\":\"de\"},{\"@type\":\"Organization\",\"@id\":\"https:\\\/\\\/www.palazzoodoni.com\\\/#organization\",\"name\":\"Palazzo Odoni\",\"url\":\"https:\\\/\\\/www.palazzoodoni.com\\\/\",\"logo\":{\"@type\":\"ImageObject\",\"inLanguage\":\"de\",\"@id\":\"https:\\\/\\\/www.palazzoodoni.com\\\/#\\\/schema\\\/logo\\\/image\\\/\",\"url\":\"https:\\\/\\\/www.palazzoodoni.com\\\/wp-content\\\/uploads\\\/2022\\\/10\\\/logo-color.png\",\"contentUrl\":\"https:\\\/\\\/www.palazzoodoni.com\\\/wp-content\\\/uploads\\\/2022\\\/10\\\/logo-color.png\",\"width\":300,\"height\":115,\"caption\":\"Palazzo Odoni\"},\"image\":{\"@id\":\"https:\\\/\\\/www.palazzoodoni.com\\\/#\\\/schema\\\/logo\\\/image\\\/\"},\"sameAs\":[\"https:\\\/\\\/www.facebook.com\\\/palazzoodoni\",\"https:\\\/\\\/www.instagram.com\\\/palazzoodoni\"]}]}<\/script>\n<!-- \/ Yoast SEO plugin. -->","yoast_head_json":{"title":"Kontakte - Palazzo Odoni","robots":{"index":"index","follow":"follow","max-snippet":"max-snippet:-1","max-image-preview":"max-image-preview:large","max-video-preview":"max-video-preview:-1"},"canonical":"https:\/\/www.palazzoodoni.com\/de\/kontakte\/","og_locale":"de_DE","og_type":"article","og_title":"Kontakte - Palazzo Odoni","og_description":"[vc_row full_width=&#8220;stretch_row_content&#8220;][vc_column][vc_raw_html]PGRpdiBjbGFzcz0iYXJyb3ctd3JhcHBlciI+PGRpdiBjbGFzcz0iYXJyb3ciPjwvZGl2PjwvZGl2Pg==[\/vc_raw_html][\/vc_column][\/vc_row][vc_row full_width=&#8220;stretch_row_content&#8220;][vc_column][vc_empty_space height=&#8220;100px&#8220;][vc_column_text] KONTAKTE [\/vc_column_text][vc_empty_space height=&#8220;50px&#8220;][\/vc_column][\/vc_row][vc_row css=&#8220;.vc_custom_1605484631724{padding-top: 20px !important;padding-bottom: 40px !important;}&#8220;][vc_column][vc_column_text] Nutzen Sie das folgende Formular, um mit uns Kontakt aufzunehmen oder weitere Informationen anzufordern. [\/vc_column_text][\/vc_column][\/vc_row][vc_row css=&#8220;.vc_custom_1605484638015{padding-bottom: 110px !important;}&#8220;][vc_column width=&#8220;1\/6&#8243;][vc_empty_space height=&#8220;5px&#8220;][\/vc_column][vc_column width=&#8220;2\/3&#8243;][\/vc_column][vc_column width=&#8220;1\/6&#8243;][vc_empty_space height=&#8220;5px&#8220;][\/vc_column][\/vc_row]","og_url":"https:\/\/www.palazzoodoni.com\/de\/kontakte\/","og_site_name":"Palazzo Odoni","article_publisher":"https:\/\/www.facebook.com\/palazzoodoni","article_modified_time":"2023-09-04T21:49:40+00:00","twitter_card":"summary_large_image","twitter_misc":{"Gesch\u00e4tzte Lesezeit":"1\u00a0Minute"},"schema":{"@context":"https:\/\/schema.org","@graph":[{"@type":"WebPage","@id":"https:\/\/www.palazzoodoni.com\/de\/kontakte\/","url":"https:\/\/www.palazzoodoni.com\/de\/kontakte\/","name":"Kontakte - Palazzo Odoni","isPartOf":{"@id":"https:\/\/www.palazzoodoni.com\/#website"},"datePublished":"2023-08-29T08:20:18+00:00","dateModified":"2023-09-04T21:49:40+00:00","breadcrumb":{"@id":"https:\/\/www.palazzoodoni.com\/de\/kontakte\/#breadcrumb"},"inLanguage":"de","potentialAction":[{"@type":"ReadAction","target":["https:\/\/www.palazzoodoni.com\/de\/kontakte\/"]}]},{"@type":"BreadcrumbList","@id":"https:\/\/www.palazzoodoni.com\/de\/kontakte\/#breadcrumb","itemListElement":[{"@type":"ListItem","position":1,"name":"Home","item":"https:\/\/www.palazzoodoni.com\/de\/"},{"@type":"ListItem","position":2,"name":"Kontakte"}]},{"@type":"WebSite","@id":"https:\/\/www.palazzoodoni.com\/#website","url":"https:\/\/www.palazzoodoni.com\/","name":"Palazzo Odoni","description":"Official Website","publisher":{"@id":"https:\/\/www.palazzoodoni.com\/#organization"},"potentialAction":[{"@type":"SearchAction","target":{"@type":"EntryPoint","urlTemplate":"https:\/\/www.palazzoodoni.com\/?s={search_term_string}"},"query-input":{"@type":"PropertyValueSpecification","valueRequired":true,"valueName":"search_term_string"}}],"inLanguage":"de"},{"@type":"Organization","@id":"https:\/\/www.palazzoodoni.com\/#organization","name":"Palazzo Odoni","url":"https:\/\/www.palazzoodoni.com\/","logo":{"@type":"ImageObject","inLanguage":"de","@id":"https:\/\/www.palazzoodoni.com\/#\/schema\/logo\/image\/","url":"https:\/\/www.palazzoodoni.com\/wp-content\/uploads\/2022\/10\/logo-color.png","contentUrl":"https:\/\/www.palazzoodoni.com\/wp-content\/uploads\/2022\/10\/logo-color.png","width":300,"height":115,"caption":"Palazzo Odoni"},"image":{"@id":"https:\/\/www.palazzoodoni.com\/#\/schema\/logo\/image\/"},"sameAs":["https:\/\/www.facebook.com\/palazzoodoni","https:\/\/www.instagram.com\/palazzoodoni"]}]}},"_links":{"self":[{"href":"https:\/\/www.palazzoodoni.com\/de\/wp-json\/wp\/v2\/pages\/1316","targetHints":{"allow":["GET"]}}],"collection":[{"href":"https:\/\/www.palazzoodoni.com\/de\/wp-json\/wp\/v2\/pages"}],"about":[{"href":"https:\/\/www.palazzoodoni.com\/de\/wp-json\/wp\/v2\/types\/page"}],"author":[{"embeddable":true,"href":"https:\/\/www.palazzoodoni.com\/de\/wp-json\/wp\/v2\/users\/1"}],"replies":[{"embeddable":true,"href":"https:\/\/www.palazzoodoni.com\/de\/wp-json\/wp\/v2\/comments?post=1316"}],"version-history":[{"count":2,"href":"https:\/\/www.palazzoodoni.com\/de\/wp-json\/wp\/v2\/pages\/1316\/revisions"}],"predecessor-version":[{"id":1353,"href":"https:\/\/www.palazzoodoni.com\/de\/wp-json\/wp\/v2\/pages\/1316\/revisions\/1353"}],"wp:attachment":[{"href":"https:\/\/www.palazzoodoni.com\/de\/wp-json\/wp\/v2\/media?parent=1316"}],"curies":[{"name":"wp","href":"https:\/\/api.w.org\/{rel}","templated":true}]}}