{"id":1263,"date":"2023-08-29T10:04:57","date_gmt":"2023-08-29T08:04:57","guid":{"rendered":"https:\/\/www.palazzoodoni.com\/wordpress\/home\/"},"modified":"2026-04-17T14:46:43","modified_gmt":"2026-04-17T12:46:43","slug":"home","status":"publish","type":"page","link":"https:\/\/www.palazzoodoni.com\/de\/","title":{"rendered":"Home"},"content":{"rendered":"<p>[vc_row full_width=&#8220;stretch_row_content_no_spaces&#8220;][vc_column]\n\t\t\t<!-- START Home REVOLUTION SLIDER 6.4.5 --><p class=\"rs-p-wp-fix\"><\/p>\n\t\t\t<rs-module-wrap id=\"rev_slider_1_1_wrapper\" data-source=\"gallery\" style=\"background:transparent;padding:0;\">\n\t\t\t\t<rs-module id=\"rev_slider_1_1\" style=\"\" data-version=\"6.4.5\">\n\t\t\t\t\t<rs-slides>\n\t\t\t\t\t\t<rs-slide data-key=\"rs-13\" data-title=\"Slide\" data-thumb=\"\/\/www.palazzoodoni.com\/wp-content\/uploads\/revslider\/video-media\/video-odoni_13-50x100.jpeg\" data-in=\"o:0;\" data-out=\"a:false;\">\n\t\t\t\t\t\t\t<img loading=\"lazy\" decoding=\"async\" src=\"\/\/www.palazzoodoni.com\/wp-content\/uploads\/revslider\/video-media\/video-odoni_13.jpeg\" title=\"video-odoni_13.jpeg\" width=\"1920\" height=\"1080\" class=\"rev-slidebg tp-rs-img\" data-no-retina>\n\t\t\t\t\t\t\t<rs-bgvideo \n\t\t\t\t\t\t\t\tdata-video=\"w:100%;h:100%;l:false;ptimer:true;vfc:true;\"\n\t\t\t\t\t\t\t\tdata-mp4=\"\/\/www.palazzoodoni.com\/wp-content\/uploads\/2023\/11\/video-odoni.mp4\"\n\t\t\t\t\t\t\t><\/rs-bgvideo>\n<!---->\t\t\t\t\t\t<\/rs-slide>\n\t\t\t\t\t\t<rs-slide data-key=\"rs-4\" data-title=\"Slide\" data-thumb=\"\/\/www.palazzoodoni.com\/wp-content\/uploads\/2022\/10\/JUNIORSUITE-_DNN7245-HDR_1-50x100.jpg\" data-in=\"o:0;\" data-out=\"a:false;\">\n\t\t\t\t\t\t\t<img loading=\"lazy\" decoding=\"async\" src=\"\/\/www.palazzoodoni.com\/wp-content\/uploads\/2022\/10\/JUNIORSUITE-_DNN7245-HDR_1.jpg\" title=\"JUNIORSUITE-_DNN7245-HDR_1\" width=\"2560\" height=\"1707\" class=\"rev-slidebg tp-rs-img\" data-no-retina>\n<!---->\t\t\t\t\t\t<\/rs-slide>\n\t\t\t\t\t<\/rs-slides>\n\t\t\t\t<\/rs-module>\n\t\t\t\t<script type=\"text\/javascript\">\n\t\t\t\t\tsetREVStartSize({c: 'rev_slider_1_1',rl:[1240,1024,778,480],el:[900],gw:[1240],gh:[900],type:'standard',justify:'',layout:'fullscreen',offsetContainer:'',offset:'',mh:\"0\"});\n\t\t\t\t\tvar\trevapi1,\n\t\t\t\t\t\ttpj;\n\t\t\t\t\tfunction revinit_revslider11() {\n\t\t\t\t\tjQuery(function() {\n\t\t\t\t\t\ttpj = jQuery;\n\t\t\t\t\t\trevapi1 = tpj(\"#rev_slider_1_1\");\n\t\t\t\t\t\tif(revapi1==undefined || revapi1.revolution == undefined){\n\t\t\t\t\t\t\trevslider_showDoubleJqueryError(\"rev_slider_1_1\");\n\t\t\t\t\t\t}else{\n\t\t\t\t\t\t\trevapi1.revolution({\n\t\t\t\t\t\t\t\tsliderLayout:\"fullscreen\",\n\t\t\t\t\t\t\t\tduration:\"4000ms\",\n\t\t\t\t\t\t\t\tvisibilityLevels:\"1240,1024,778,480\",\n\t\t\t\t\t\t\t\tgridwidth:1240,\n\t\t\t\t\t\t\t\tgridheight:900,\n\t\t\t\t\t\t\t\tperspective:600,\n\t\t\t\t\t\t\t\tperspectiveType:\"global\",\n\t\t\t\t\t\t\t\teditorheight:\"900,768,960,720\",\n\t\t\t\t\t\t\t\tresponsiveLevels:\"1240,1024,778,480\",\n\t\t\t\t\t\t\t\tprogressBar: {\n\t\t\t\t\t\t\t\t\tsize:5,\n\t\t\t\t\t\t\t\t\tx:0,\n\t\t\t\t\t\t\t\t\ty:0\n\t\t\t\t\t\t\t\t},\n\t\t\t\t\t\t\t\tnavigation: {\n\t\t\t\t\t\t\t\t\twheelCallDelay:1000,\n\t\t\t\t\t\t\t\t\tonHoverStop:false,\n\t\t\t\t\t\t\t\t\tarrows: {\n\t\t\t\t\t\t\t\t\t\tenable:true,\n\t\t\t\t\t\t\t\t\t\tstyle:\"uranus\",\n\t\t\t\t\t\t\t\t\t\tleft: {\n\t\t\t\t\t\t\t\t\t\t\th_offset:30\n\t\t\t\t\t\t\t\t\t\t},\n\t\t\t\t\t\t\t\t\t\tright: {\n\t\t\t\t\t\t\t\t\t\t\th_offset:30\n\t\t\t\t\t\t\t\t\t\t}\n\t\t\t\t\t\t\t\t\t}\n\t\t\t\t\t\t\t\t},\n\t\t\t\t\t\t\t\tfallbacks: {\n\t\t\t\t\t\t\t\t\tallowHTML5AutoPlayOnAndroid:true\n\t\t\t\t\t\t\t\t},\n\t\t\t\t\t\t\t});\n\t\t\t\t\t\t}\n\t\t\t\t\t\t\n\t\t\t\t\t});\n\t\t\t\t\t} \/\/ End of RevInitScript\n\t\t\t\tvar once_revslider11 = false;\n\t\t\t\tif (document.readyState === \"loading\") {document.addEventListener('readystatechange',function() { if((document.readyState === \"interactive\" || document.readyState === \"complete\") && !once_revslider11 ) { once_revslider11 = true; revinit_revslider11();}});} else {once_revslider11 = true; revinit_revslider11();}\n\t\t\t\t<\/script>\n\t\t\t\t<script>\n\t\t\t\t\tvar htmlDivCss = unescape(\"%23rev_slider_1_1_wrapper%20.uranus.tparrows%20%7B%0A%20%20width%3A50px%3B%0A%20%20height%3A50px%3B%0A%20%20background%3Argba%28255%2C255%2C255%2C0%29%3B%0A%20%7D%0A%20%23rev_slider_1_1_wrapper%20.uranus.tparrows%3Abefore%20%7B%0A%20width%3A50px%3B%0A%20height%3A50px%3B%0A%20line-height%3A50px%3B%0A%20font-size%3A40px%3B%0A%20transition%3Aall%200.3s%3B%0A-webkit-transition%3Aall%200.3s%3B%0A%20%7D%0A%20%0A%20%20%23rev_slider_1_1_wrapper%20.uranus.tparrows%3Ahover%3Abefore%20%7B%0A%20%20%20%20opacity%3A0.75%3B%0A%20%20%7D%0A\");\n\t\t\t\t\tvar htmlDiv = document.getElementById('rs-plugin-settings-inline-css');\n\t\t\t\t\tif(htmlDiv) {\n\t\t\t\t\t\thtmlDiv.innerHTML = htmlDiv.innerHTML + htmlDivCss;\n\t\t\t\t\t}else{\n\t\t\t\t\t\tvar htmlDiv = document.createElement('div');\n\t\t\t\t\t\thtmlDiv.innerHTML = '<style>' + htmlDivCss + '<\/style>';\n\t\t\t\t\t\tdocument.getElementsByTagName('head')[0].appendChild(htmlDiv.childNodes[0]);\n\t\t\t\t\t}\n\t\t\t\t<\/script>\n\t\t\t\t<script>\n\t\t\t\t\tvar htmlDivCss = unescape(\"%0A%0A\");\n\t\t\t\t\tvar htmlDiv = document.getElementById('rs-plugin-settings-inline-css');\n\t\t\t\t\tif(htmlDiv) {\n\t\t\t\t\t\thtmlDiv.innerHTML = htmlDiv.innerHTML + htmlDivCss;\n\t\t\t\t\t}else{\n\t\t\t\t\t\tvar htmlDiv = document.createElement('div');\n\t\t\t\t\t\thtmlDiv.innerHTML = '<style>' + htmlDivCss + '<\/style>';\n\t\t\t\t\t\tdocument.getElementsByTagName('head')[0].appendChild(htmlDiv.childNodes[0]);\n\t\t\t\t\t}\n\t\t\t\t<\/script>\n\t\t\t<\/rs-module-wrap>\n\t\t\t<!-- END REVOLUTION SLIDER -->\n[vc_raw_html]PGRpdiBjbGFzcz0iYXJyb3ctd3JhcHBlciI+PGRpdiBjbGFzcz0iYXJyb3ciPjwvZGl2PjwvZGl2Pg==[\/vc_raw_html][\/vc_column][\/vc_row][vc_row content_placement=&#8220;middle&#8220; css=&#8220;.vc_custom_1617299287830{padding-top: 60px !important;padding-bottom: 80px !important;}&#8220;][vc_column width=&#8220;1\/2&#8243;][vc_column_text]<\/p>\n<h2><strong>Palazzo Odoni<\/strong> &#8211; Historisches Anwesen in Venedig<\/h2>\n<p>[\/vc_column_text][vc_empty_space][vc_column_text]Ein paar Schritte von der Piazzale Roma entfernt, in einem Familiensitz aus dem 15. Jahrhundert, befindet sich das Palazzo Odoni, ein Hotel in einem alten venezianischen Geb\u00e4ude. Im Rahmen der k\u00fcrzlich vorgenommenen Restaurierungsarbeiten blieben die architektonischen Merkmale, Decken und urspr\u00fcnglichen B\u00f6den der Zeit erhalten und wurden durch allen Komfort erg\u00e4nzt, der f\u00fcr einen eleganten, raffinierten Aufenthalt im Herzen von Venedig erforderlich ist.<\/p>\n<p>Das im historischen Zentrum der Stadt, im Stadtteil Santa Croce, gelegene Palazzo Odoni ist nur wenige Schritte von den bekanntesten kulturellen Sehensw\u00fcrdigkeiten \u2013 Basilica dei Frari, Scuola Grande di San Rocco, Gallerie dell &#8218;Accademia \u2013, von Santa Margherita mit zahlreichen Bars und Restaurants sowie der Calle XXII Marzo, der Stra\u00dfe des Luxus und des Shoppings, entfernt.[\/vc_column_text][vc_empty_space height=&#8220;10px&#8220;][\/vc_column][vc_column width=&#8220;1\/2&#8243;][vc_single_image image=&#8220;1265&#8243; img_size=&#8220;600&#215;660&#8243; alignment=&#8220;center&#8220; onclick=&#8220;link_image&#8220;][\/vc_column][\/vc_row][vc_row full_width=&#8220;stretch_row_content&#8220; parallax=&#8220;content-moving&#8220; parallax_image=&#8220;1230&#8243;][vc_column][vc_empty_space height=&#8220;500px&#8220;][\/vc_column][\/vc_row][vc_row full_width=&#8220;stretch_row_content_no_spaces&#8220; css=&#8220;.vc_custom_1675439805159{padding-top: 40px !important;}&#8220;][vc_column][vc_column_text]<\/p>\n<h1 style=\"text-align: center;\"><a href=\"https:\/\/www.palazzoodoni.com\/location\/\">Anreise<\/a><\/h1>\n<p>[\/vc_column_text][vc_empty_space height=&#8220;80px&#8220;][vc_gmaps link=&#8220;#E-8_JTNDaWZyYW1lJTIwc3JjJTNEJTIyaHR0cHMlM0ElMkYlMkZ3d3cuZ29vZ2xlLmNvbSUyRm1hcHMlMkZlbWJlZCUzRnBiJTNEJTIxMW0xOCUyMTFtMTIlMjExbTMlMjExZDE1ODM2Ljk4NzA2MzM3NjUyNCUyMTJkMTIuMzIwODQ1MjMwMzM0NzE3JTIxM2Q0NS40MzczNTc3NjU0Mjc5NSUyMTJtMyUyMTFmMCUyMTJmMCUyMTNmMCUyMTNtMiUyMTFpMTAyNCUyMTJpNzY4JTIxNGYxMy4xJTIxM20zJTIxMW0yJTIxMXMweDQ3N2ViMWM2MmJkOTFmMTklMjUzQTB4ZmE4YWE1MDRiYzBlZTRlJTIxMnNQYWxhenpvJTI1MjBPZG9uaSUyNTIwVmVuZXppYSUyMTVlMCUyMTNtMiUyMTFzaXQlMjEyc2l0JTIxNHYxNjY3ODM2NTk3MzY5JTIxNW0yJTIxMXNpdCUyMTJzaXQlMjIlMjB3aWR0aCUzRCUyMjYwMCUyMiUyMGhlaWdodCUzRCUyMjQ1MCUyMiUyMHN0eWxlJTNEJTIyYm9yZGVyJTNBMCUzQiUyMiUyMGFsbG93ZnVsbHNjcmVlbiUzRCUyMiUyMiUyMGxvYWRpbmclM0QlMjJsYXp5JTIyJTIwcmVmZXJyZXJwb2xpY3klM0QlMjJuby1yZWZlcnJlci13aGVuLWRvd25ncmFkZSUyMiUzRSUzQyUyRmlmcmFtZSUzRQ==&#8220; size=&#8220;800px&#8220;][vc_empty_space height=&#8220;40px&#8220;][\/vc_column][\/vc_row]<\/p>\n","protected":false},"excerpt":{"rendered":"<p>[vc_row full_width=&#8220;stretch_row_content_no_spaces&#8220;][vc_column][vc_raw_html]PGRpdiBjbGFzcz0iYXJyb3ctd3JhcHBlciI+PGRpdiBjbGFzcz0iYXJyb3ciPjwvZGl2PjwvZGl2Pg==[\/vc_raw_html][\/vc_column][\/vc_row][vc_row content_placement=&#8220;middle&#8220; css=&#8220;.vc_custom_1617299287830{padding-top: 60px !important;padding-bottom: 80px !important;}&#8220;][vc_column width=&#8220;1\/2&#8243;][vc_column_text] Palazzo Odoni &#8211; Historisches Anwesen in Venedig [\/vc_column_text][vc_empty_space][vc_column_text]Ein paar Schritte von der Piazzale Roma entfernt, in einem Familiensitz aus dem 15. Jahrhundert, befindet sich das Palazzo Odoni, ein Hotel in einem alten venezianischen Geb\u00e4ude. Im Rahmen der k\u00fcrzlich vorgenommenen Restaurierungsarbeiten blieben die architektonischen Merkmale, Decken und&hellip;<\/p>\n","protected":false},"author":1,"featured_media":0,"parent":0,"menu_order":0,"comment_status":"closed","ping_status":"closed","template":"","meta":[],"class_list":["post-1263","page","type-page","status-publish","hentry","description-off"],"yoast_head":"<!-- This site is optimized with the Yoast SEO plugin v27.4 - https:\/\/yoast.com\/product\/yoast-seo-wordpress\/ -->\n<title>Home - Palazzo Odoni<\/title>\n<meta name=\"robots\" content=\"index, follow, max-snippet:-1, max-image-preview:large, max-video-preview:-1\" \/>\n<link rel=\"canonical\" href=\"https:\/\/www.palazzoodoni.com\/de\/\" \/>\n<meta property=\"og:locale\" content=\"de_DE\" \/>\n<meta property=\"og:type\" content=\"article\" \/>\n<meta property=\"og:title\" content=\"Home - Palazzo Odoni\" \/>\n<meta property=\"og:description\" content=\"[vc_row full_width=&#8220;stretch_row_content_no_spaces&#8220;][vc_column][vc_raw_html]PGRpdiBjbGFzcz0iYXJyb3ctd3JhcHBlciI+PGRpdiBjbGFzcz0iYXJyb3ciPjwvZGl2PjwvZGl2Pg==[\/vc_raw_html][\/vc_column][\/vc_row][vc_row content_placement=&#8220;middle&#8220; css=&#8220;.vc_custom_1617299287830{padding-top: 60px !important;padding-bottom: 80px !important;}&#8220;][vc_column width=&#8220;1\/2&#8243;][vc_column_text] Palazzo Odoni &#8211; Historisches Anwesen in Venedig [\/vc_column_text][vc_empty_space][vc_column_text]Ein paar Schritte von der Piazzale Roma entfernt, in einem Familiensitz aus dem 15. Jahrhundert, befindet sich das Palazzo Odoni, ein Hotel in einem alten venezianischen Geb\u00e4ude. Im Rahmen der k\u00fcrzlich vorgenommenen Restaurierungsarbeiten blieben die architektonischen Merkmale, Decken und&hellip;\" \/>\n<meta property=\"og:url\" content=\"https:\/\/www.palazzoodoni.com\/de\/\" \/>\n<meta property=\"og:site_name\" content=\"Palazzo Odoni\" \/>\n<meta property=\"article:publisher\" content=\"https:\/\/www.facebook.com\/palazzoodoni\" \/>\n<meta property=\"article:modified_time\" content=\"2026-04-17T12:46:43+00:00\" \/>\n<meta name=\"twitter:card\" content=\"summary_large_image\" \/>\n<meta name=\"twitter:label1\" content=\"Gesch\u00e4tzte Lesezeit\" \/>\n\t<meta name=\"twitter:data1\" content=\"2\u00a0Minuten\" \/>\n<script type=\"application\/ld+json\" class=\"yoast-schema-graph\">{\"@context\":\"https:\\\/\\\/schema.org\",\"@graph\":[{\"@type\":\"WebPage\",\"@id\":\"https:\\\/\\\/www.palazzoodoni.com\\\/de\\\/\",\"url\":\"https:\\\/\\\/www.palazzoodoni.com\\\/de\\\/\",\"name\":\"Home - Palazzo Odoni\",\"isPartOf\":{\"@id\":\"https:\\\/\\\/www.palazzoodoni.com\\\/#website\"},\"datePublished\":\"2023-08-29T08:04:57+00:00\",\"dateModified\":\"2026-04-17T12:46:43+00:00\",\"breadcrumb\":{\"@id\":\"https:\\\/\\\/www.palazzoodoni.com\\\/de\\\/#breadcrumb\"},\"inLanguage\":\"de\",\"potentialAction\":[{\"@type\":\"ReadAction\",\"target\":[\"https:\\\/\\\/www.palazzoodoni.com\\\/de\\\/\"]}]},{\"@type\":\"BreadcrumbList\",\"@id\":\"https:\\\/\\\/www.palazzoodoni.com\\\/de\\\/#breadcrumb\",\"itemListElement\":[{\"@type\":\"ListItem\",\"position\":1,\"name\":\"Home\",\"item\":\"https:\\\/\\\/www.palazzoodoni.com\\\/de\\\/\"},{\"@type\":\"ListItem\",\"position\":2,\"name\":\"Home\"}]},{\"@type\":\"WebSite\",\"@id\":\"https:\\\/\\\/www.palazzoodoni.com\\\/#website\",\"url\":\"https:\\\/\\\/www.palazzoodoni.com\\\/\",\"name\":\"Palazzo Odoni\",\"description\":\"Official Website\",\"publisher\":{\"@id\":\"https:\\\/\\\/www.palazzoodoni.com\\\/#organization\"},\"potentialAction\":[{\"@type\":\"SearchAction\",\"target\":{\"@type\":\"EntryPoint\",\"urlTemplate\":\"https:\\\/\\\/www.palazzoodoni.com\\\/?s={search_term_string}\"},\"query-input\":{\"@type\":\"PropertyValueSpecification\",\"valueRequired\":true,\"valueName\":\"search_term_string\"}}],\"inLanguage\":\"de\"},{\"@type\":\"Organization\",\"@id\":\"https:\\\/\\\/www.palazzoodoni.com\\\/#organization\",\"name\":\"Palazzo Odoni\",\"url\":\"https:\\\/\\\/www.palazzoodoni.com\\\/\",\"logo\":{\"@type\":\"ImageObject\",\"inLanguage\":\"de\",\"@id\":\"https:\\\/\\\/www.palazzoodoni.com\\\/#\\\/schema\\\/logo\\\/image\\\/\",\"url\":\"https:\\\/\\\/www.palazzoodoni.com\\\/wp-content\\\/uploads\\\/2022\\\/10\\\/logo-color.png\",\"contentUrl\":\"https:\\\/\\\/www.palazzoodoni.com\\\/wp-content\\\/uploads\\\/2022\\\/10\\\/logo-color.png\",\"width\":300,\"height\":115,\"caption\":\"Palazzo Odoni\"},\"image\":{\"@id\":\"https:\\\/\\\/www.palazzoodoni.com\\\/#\\\/schema\\\/logo\\\/image\\\/\"},\"sameAs\":[\"https:\\\/\\\/www.facebook.com\\\/palazzoodoni\",\"https:\\\/\\\/www.instagram.com\\\/palazzoodoni\"]}]}<\/script>\n<!-- \/ Yoast SEO plugin. -->","yoast_head_json":{"title":"Home - Palazzo Odoni","robots":{"index":"index","follow":"follow","max-snippet":"max-snippet:-1","max-image-preview":"max-image-preview:large","max-video-preview":"max-video-preview:-1"},"canonical":"https:\/\/www.palazzoodoni.com\/de\/","og_locale":"de_DE","og_type":"article","og_title":"Home - Palazzo Odoni","og_description":"[vc_row full_width=&#8220;stretch_row_content_no_spaces&#8220;][vc_column][vc_raw_html]PGRpdiBjbGFzcz0iYXJyb3ctd3JhcHBlciI+PGRpdiBjbGFzcz0iYXJyb3ciPjwvZGl2PjwvZGl2Pg==[\/vc_raw_html][\/vc_column][\/vc_row][vc_row content_placement=&#8220;middle&#8220; css=&#8220;.vc_custom_1617299287830{padding-top: 60px !important;padding-bottom: 80px !important;}&#8220;][vc_column width=&#8220;1\/2&#8243;][vc_column_text] Palazzo Odoni &#8211; Historisches Anwesen in Venedig [\/vc_column_text][vc_empty_space][vc_column_text]Ein paar Schritte von der Piazzale Roma entfernt, in einem Familiensitz aus dem 15. Jahrhundert, befindet sich das Palazzo Odoni, ein Hotel in einem alten venezianischen Geb\u00e4ude. Im Rahmen der k\u00fcrzlich vorgenommenen Restaurierungsarbeiten blieben die architektonischen Merkmale, Decken und&hellip;","og_url":"https:\/\/www.palazzoodoni.com\/de\/","og_site_name":"Palazzo Odoni","article_publisher":"https:\/\/www.facebook.com\/palazzoodoni","article_modified_time":"2026-04-17T12:46:43+00:00","twitter_card":"summary_large_image","twitter_misc":{"Gesch\u00e4tzte Lesezeit":"2\u00a0Minuten"},"schema":{"@context":"https:\/\/schema.org","@graph":[{"@type":"WebPage","@id":"https:\/\/www.palazzoodoni.com\/de\/","url":"https:\/\/www.palazzoodoni.com\/de\/","name":"Home - Palazzo Odoni","isPartOf":{"@id":"https:\/\/www.palazzoodoni.com\/#website"},"datePublished":"2023-08-29T08:04:57+00:00","dateModified":"2026-04-17T12:46:43+00:00","breadcrumb":{"@id":"https:\/\/www.palazzoodoni.com\/de\/#breadcrumb"},"inLanguage":"de","potentialAction":[{"@type":"ReadAction","target":["https:\/\/www.palazzoodoni.com\/de\/"]}]},{"@type":"BreadcrumbList","@id":"https:\/\/www.palazzoodoni.com\/de\/#breadcrumb","itemListElement":[{"@type":"ListItem","position":1,"name":"Home","item":"https:\/\/www.palazzoodoni.com\/de\/"},{"@type":"ListItem","position":2,"name":"Home"}]},{"@type":"WebSite","@id":"https:\/\/www.palazzoodoni.com\/#website","url":"https:\/\/www.palazzoodoni.com\/","name":"Palazzo Odoni","description":"Official Website","publisher":{"@id":"https:\/\/www.palazzoodoni.com\/#organization"},"potentialAction":[{"@type":"SearchAction","target":{"@type":"EntryPoint","urlTemplate":"https:\/\/www.palazzoodoni.com\/?s={search_term_string}"},"query-input":{"@type":"PropertyValueSpecification","valueRequired":true,"valueName":"search_term_string"}}],"inLanguage":"de"},{"@type":"Organization","@id":"https:\/\/www.palazzoodoni.com\/#organization","name":"Palazzo Odoni","url":"https:\/\/www.palazzoodoni.com\/","logo":{"@type":"ImageObject","inLanguage":"de","@id":"https:\/\/www.palazzoodoni.com\/#\/schema\/logo\/image\/","url":"https:\/\/www.palazzoodoni.com\/wp-content\/uploads\/2022\/10\/logo-color.png","contentUrl":"https:\/\/www.palazzoodoni.com\/wp-content\/uploads\/2022\/10\/logo-color.png","width":300,"height":115,"caption":"Palazzo Odoni"},"image":{"@id":"https:\/\/www.palazzoodoni.com\/#\/schema\/logo\/image\/"},"sameAs":["https:\/\/www.facebook.com\/palazzoodoni","https:\/\/www.instagram.com\/palazzoodoni"]}]}},"_links":{"self":[{"href":"https:\/\/www.palazzoodoni.com\/de\/wp-json\/wp\/v2\/pages\/1263","targetHints":{"allow":["GET"]}}],"collection":[{"href":"https:\/\/www.palazzoodoni.com\/de\/wp-json\/wp\/v2\/pages"}],"about":[{"href":"https:\/\/www.palazzoodoni.com\/de\/wp-json\/wp\/v2\/types\/page"}],"author":[{"embeddable":true,"href":"https:\/\/www.palazzoodoni.com\/de\/wp-json\/wp\/v2\/users\/1"}],"replies":[{"embeddable":true,"href":"https:\/\/www.palazzoodoni.com\/de\/wp-json\/wp\/v2\/comments?post=1263"}],"version-history":[{"count":4,"href":"https:\/\/www.palazzoodoni.com\/de\/wp-json\/wp\/v2\/pages\/1263\/revisions"}],"predecessor-version":[{"id":1384,"href":"https:\/\/www.palazzoodoni.com\/de\/wp-json\/wp\/v2\/pages\/1263\/revisions\/1384"}],"wp:attachment":[{"href":"https:\/\/www.palazzoodoni.com\/de\/wp-json\/wp\/v2\/media?parent=1263"}],"curies":[{"name":"wp","href":"https:\/\/api.w.org\/{rel}","templated":true}]}}